{"id":755,"date":"2025-05-07T10:02:46","date_gmt":"2025-05-07T10:02:46","guid":{"rendered":"https:\/\/www.elanders.com\/swe\/?page_id=755"},"modified":"2026-02-17T10:14:46","modified_gmt":"2026-02-17T09:14:46","slug":"print-solutions","status":"publish","type":"page","link":"https:\/\/www.elanders.com\/swe\/print-solutions\/","title":{"rendered":"Print Solutions"},"content":{"rendered":"\n            <style>\n                 .hero-section-block-69dce6c1d2472 {\n                    background-image: url(https:\/\/www.elanders.com\/swe\/wp-content\/uploads\/2026\/02\/SE-PS-BLUE-25.webp);\n                    background-attachment: fixed;\n                    background-size: cover;  \n                    background-repeat: no-repeat; \n                    background-position: center center;\n                    overflow: hidden;\n                    color:  var(--elarb-white);\n                }\n        \n                @media (max-width: 1024px) {\n                     .hero-section-block-69dce6c1d2472 {\n                        background-attachment: scroll;\n                    }\n                }\n        <\/style><section class=\"hero-section-block hero-section-block-69dce6c1d2472\">   \n            <div class=\"container hero-section-container hero-section-2\">\n                    <div class=\"hero-section d-flex flex-column align-items-center justify-content-evenly text-left\">\n                    <div class=\"hero-left\">\n                        <h1 class=\"hero-title\">Print Solutions<\/h1>\n                        <p id=\"padding-block-69dce6c1d2476\" class=\"hero-description desktop-padding-right desktop-padding-left tablet-padding-right tablet-padding-left mobile-padding-right mobile-padding-left \">Print \u00e4r en del av v\u00e5rt DNA, och genom v\u00e5ra tryckerier och certifierade partners kan vi producera h\u00f6gklassiga trycksaker v\u00e4rlden \u00f6ver. Som kund hj\u00e4lper vi dig att optimera och effektivisera varje produktion f\u00f6r kortare ledtider, mindre milj\u00f6p\u00e5verkan och konkurrenskraftigare pris.<\/p>\n                        \n                    <\/div>\n                    \n                <\/div><style> #padding-block-69dce6c1d2476.desktop-padding-right { padding-right: 0px; } #padding-block-69dce6c1d2476.desktop-padding-left { padding-left: 0px; }@media only screen and (max-width: 991px) {  #padding-block-69dce6c1d2476.tablet-padding-right { padding-right: 0px; }} @media only screen and (max-width: 991px) {  #padding-block-69dce6c1d2476.tablet-padding-left { padding-left: 0px; }} @media only screen and (max-width: 575px) {  #padding-block-69dce6c1d2476.mobile-padding-right { padding-right: 0px; }} @media only screen and (max-width: 575px) {  #padding-block-69dce6c1d2476.mobile-padding-left { padding-left: 0px; }}  #image-block-69dce6c1d2477.desktop-image-hide-desktop { display:block; } @media only screen and (max-width: 991px) {  #image-block-69dce6c1d2477.tablet-image-hide-tablet { display:block; } } @media only screen and (max-width: 575px) {  #image-block-69dce6c1d2477.mobile-image-hide-mobile { display:block; } } <\/style>\n            <\/div>\n        <\/section>\n\n<section class=\"image-gallery-block\">  \n  <div class=\"container-fluid  bg-color-white\">              \n        <div class=\"\">\n            <div class=\"row\">\n                <div class=\"img-block col-12\">         \n                       \t   <img decoding=\"async\" loading=\"lazy\" alt=\"Maps Print\" id=\"img-block-69dce6c1d25bd\" class=\"img-block desktop-padding-top desktop-padding-right desktop-padding-bottom desktop-padding-left tablet-padding-top tablet-padding-right tablet-padding-bottom tablet-padding-left mobile-padding-top mobile-padding-right mobile-padding-bottom mobile-padding-left \" src=\"https:\/\/www.elanders.com\/swe\/wp-content\/uploads\/2025\/05\/Maps-Print-25.svg\" \/> \n                <\/div>\n            <\/div>\n        <\/div>                                                            \n    <\/section><style> #img-block-69dce6c1d25bd.desktop-padding-top { padding-top: 50px; } #img-block-69dce6c1d25bd.desktop-padding-right { padding-right: 275px; } #img-block-69dce6c1d25bd.desktop-padding-bottom { padding-bottom: 50px; } #img-block-69dce6c1d25bd.desktop-padding-left { padding-left: 275px; }@media only screen and (max-width: 991px) {  #img-block-69dce6c1d25bd.tablet-padding-top { padding-top: 50px; }} @media only screen and (max-width: 991px) {  #img-block-69dce6c1d25bd.tablet-padding-right { padding-right: 0px; }} @media only screen and (max-width: 991px) {  #img-block-69dce6c1d25bd.tablet-padding-bottom { padding-bottom: 50px; }} @media only screen and (max-width: 991px) {  #img-block-69dce6c1d25bd.tablet-padding-left { padding-left: 0px; }} @media only screen and (max-width: 575px) {  #img-block-69dce6c1d25bd.mobile-padding-top { padding-top: 25px; }} @media only screen and (max-width: 575px) {  #img-block-69dce6c1d25bd.mobile-padding-right { padding-right: 0px; }} @media only screen and (max-width: 575px) {  #img-block-69dce6c1d25bd.mobile-padding-bottom { padding-bottom: 50px; }} @media only screen and (max-width: 575px) {  #img-block-69dce6c1d25bd.mobile-padding-left { padding-left: 0px; }} <\/style>\n\n<section id=\"\" class=\"text-block  space-bottom-yes space-top-yes text-block-id-69dce6c1d2663 bg-color-white text-color-black\">                \n                    <div class=\"container\">  \n                                              \n                        <div class=\"row\">                                        \n                        <div class=\"col\">\n                            <h1 class=\"textBlock-headline left \">Offsettryck<\/h1>\n                             <hr class='horizontal-line' \/>\n                        <\/div>       \n                                                          \n                    <\/div>    \n                                               \n                        <div class=\"row text\">\n                        <div class=\"col\">\n                            <div class=\"textBlock-text text-block-html  \">\n                                <p class=\"wp-block-wt-text-block\">Inom Elanders har vi \u00f6ver hundra \u00e5rs erfarenhet av offsettryck, och metoden har fortfarande sin plats i ett modernt produktionsfl\u00f6de. Genom v\u00e5ra tryckerier i Europa, Asien, Sydamerika och Nordamerika kan vi producera manualer, marknadsf\u00f6ringsmaterial och skr\u00e4ddarsydda trycksaker p\u00e5 ett kostnadseffektivt s\u00e4tt.<\/p>\n\n                            <\/div>\n                        <\/div>                                        \n                    <\/div>                                              \n                    <\/div>                                \n            <\/section>\n\n<section id=\"\" class=\"text-block  space-bottom-yes space-top-yes text-block-id-69dce6c1d2a55 bg-color-white text-color-black\">                \n                    <div class=\"container\">  \n                                              \n                        <div class=\"row\">                                        \n                        <div class=\"col\">\n                            <h1 class=\"textBlock-headline left \">Digitaltryck<\/h1>\n                             <hr class='horizontal-line' \/>\n                        <\/div>       \n                                                          \n                    <\/div>    \n                                               \n                        <div class=\"row text\">\n                        <div class=\"col\">\n                            <div class=\"textBlock-text text-block-html  \">\n                                <p class=\"wp-block-wt-text-block\">Idag \u00e4r digitaltryck en etablerad och snabbt v\u00e4xande produktionsmetod. Tack vare en toppmodern maskinpark och ett brett utbud av integrerade best\u00e4llningsl\u00f6sningar ligger vi l\u00e4ngst fram n\u00e4r det g\u00e4ller snabbproducerade, personaliserade och h\u00f6gkvalitativa trycksaker lokalt och globalt.<\/p>\n\n                            <\/div>\n                        <\/div>                                        \n                    <\/div>                                              \n                    <\/div>                                \n            <\/section>\n\n<section id=\"\" class=\"text-block  space-bottom-yes space-top-yes text-block-id-69dce6c1d2b1a bg-color-white text-color-black\">                \n                    <div class=\"container\">  \n                                              \n                        <div class=\"row\">                                        \n                        <div class=\"col\">\n                            <h1 class=\"textBlock-headline left \">E-commerce<\/h1>\n                             <hr class='horizontal-line' \/>\n                        <\/div>       \n                                                          \n                    <\/div>    \n                                               \n                        <div class=\"row text\">\n                        <div class=\"col\">\n                            <div class=\"textBlock-text text-block-html  \">\n                                <p class=\"wp-block-wt-text-block\">V\u00e5rt erbjudande f\u00f6r e-handeln omfattar skr\u00e4ddarsydda B2C- samt B2B-l\u00f6sningar som kan integreras med aff\u00e4rssystem och best\u00e4llningsl\u00f6sningar. Som kund f\u00e5r du en global \u00f6verblick \u00f6ver varufl\u00f6det och kan snabbt agera p\u00e5 f\u00f6r\u00e4ndringar i allt fr\u00e5n efterfr\u00e5gan till tillg\u00e4ngliga resurser. Vi l\u00e4nkar samman alla system, plattformar och molntj\u00e4nster f\u00f6r transparenta arbetsfl\u00f6den och en effektivare, snabbare och flexiblare process.<\/p>\n\n                            <\/div>\n                        <\/div>                                        \n                    <\/div>                                              \n                    <\/div>                                \n            <\/section>\n\n<section id=\"\" class=\"text-block  space-bottom-no space-top-yes text-block-id-69dce6c1d2bd1 bg-color-white text-color-black\">                \n                    <div class=\"container\">  \n                                              \n                        <div class=\"row\">                                        \n                        <div class=\"col\">\n                            <h1 class=\"textBlock-headline left \">Kundcase<\/h1>\n                             <hr class='horizontal-line' \/>\n                        <\/div>       \n                                                          \n                    <\/div>    \n                                               \n                        <div class=\"row text\">\n                        <div class=\"col\">\n                            <div class=\"textBlock-text text-block-html  \">\n                                <p class=\"wp-block-wt-text-block\">I v\u00e5r portfolio visar vi upp n\u00e5gra av de mest utmanande och sp\u00e4nnande uppdragen d\u00e4r kunderna har haft s\u00e4rskilda \u00f6nskem\u00e5l som Elanders har kunnat tillgodose. Kanske kan de ge dig inspiration? Kontakta oss om du vill ha mer information eller om du har n\u00e5gra fr\u00e5gor.<\/p>\n\n                            <\/div>\n                        <\/div>                                        \n                    <\/div>                                              \n                    <\/div>                                \n            <\/section>\n\n<div class=\"portfolio-main px-lg-5 container-fluid\" data-is_full_width=\"true\" data-show-tab=\"no\"><div class=\"d-flex flex-column flex-md-row justify-content-between align-items-start mb-4 mx-2 gap-2 flex-wrap\"><nav class=\"case-study-filter-nav\" id=\"caseStudyFilter\" style=\"display: none;\"><ul class=\"case-study-filter-list list-inline mb-0\"><li class=\"list-inline-item\"><button class=\"case-study-filter-btn \" data-filter=\"*\">Alla<\/button><\/li><li class=\"list-inline-item\"><button class=\"case-study-filter-btn active\" data-filter=\".print-solutions-se\">Print Solutions<\/button><\/li><\/ul><\/nav><\/div><div class=\"portfolio-wrapper\"><div class=\"portfolio-isotope-container row g-3\"><div class=\"isotope-item print-solutions-se supply-chain-solutions-se custom-col-5\"><a href=\"https:\/\/www.elanders.com\/swe\/case_study\/e-handel-print-och-supply-chain\/\" class=\"portfolio-item card h-100 \"><div class=\"portfolio-img\" style=\"background-image: url('https:\/\/www.elanders.com\/swe\/wp-content\/uploads\/2026\/02\/Case005.webp');\"><\/div><div class=\"portfolio-info card-body d-flex flex-column justify-content-center\"><p class=\"card-title text-wrap\">E-handel \u2013 Print och supply chain<\/p><\/div><\/a><\/div><div class=\"isotope-item print-solutions-se supply-chain-solutions-se custom-col-5\"><a href=\"https:\/\/www.elanders.com\/swe\/case_study\/fastighetsforvaltare-print-och-distribution\/\" class=\"portfolio-item card h-100 \"><div class=\"portfolio-img\" style=\"background-image: url('https:\/\/www.elanders.com\/swe\/wp-content\/uploads\/2026\/02\/Case006.webp');\"><\/div><div class=\"portfolio-info card-body d-flex flex-column justify-content-center\"><p class=\"card-title text-wrap\">Fastighetsf\u00f6rvaltare \u2013 Print och distribution<\/p><\/div><\/a><\/div><div class=\"isotope-item print-solutions-se supply-chain-solutions-se custom-col-5\"><a href=\"https:\/\/www.elanders.com\/swe\/case_study\/maklarsupport-print-och-distribution\/\" class=\"portfolio-item card h-100 \"><div class=\"portfolio-img\" style=\"background-image: url('https:\/\/www.elanders.com\/swe\/wp-content\/uploads\/2026\/02\/Case007.webp');\"><\/div><div class=\"portfolio-info card-body d-flex flex-column justify-content-center\"><p class=\"card-title text-wrap\">M\u00e4klarsupport \u2013 Print och distribution<\/p><\/div><\/a><\/div><div class=\"isotope-item print-solutions-se supply-chain-solutions-se custom-col-5\"><a href=\"https:\/\/www.elanders.com\/swe\/case_study\/offentlig-sektor-print-och-distribution\/\" class=\"portfolio-item card h-100 \"><div class=\"portfolio-img\" style=\"background-image: url('https:\/\/www.elanders.com\/swe\/wp-content\/uploads\/2025\/06\/Case008.jpg');\"><\/div><div class=\"portfolio-info card-body d-flex flex-column justify-content-center\"><p class=\"card-title text-wrap\">Offentlig sektor \u2013 Print och distribution<\/p><\/div><\/a><\/div><div class=\"isotope-item print-solutions-se supply-chain-solutions-se custom-col-5\"><a href=\"https:\/\/www.elanders.com\/swe\/case_study\/industrikoncern-print-och-supply-chain\/\" class=\"portfolio-item card h-100 \"><div class=\"portfolio-img\" style=\"background-image: url('https:\/\/www.elanders.com\/swe\/wp-content\/uploads\/2026\/02\/Case009.webp');\"><\/div><div class=\"portfolio-info card-body d-flex flex-column justify-content-center\"><p class=\"card-title text-wrap\">Industrikoncern \u2013 Print\u00a0och supply chain<\/p><\/div><\/a><\/div><div class=\"isotope-item print-solutions-se supply-chain-solutions-se custom-col-5\"><a href=\"https:\/\/www.elanders.com\/swe\/case_study\/health-care-print-och-supply-chain\/\" class=\"portfolio-item card h-100 \"><div class=\"portfolio-img\" style=\"background-image: url('https:\/\/www.elanders.com\/swe\/wp-content\/uploads\/2026\/02\/Case010.webp');\"><\/div><div class=\"portfolio-info card-body d-flex flex-column justify-content-center\"><p class=\"card-title text-wrap\">Health Care \u2013 Print och supply chain<\/p><\/div><\/a><\/div><div class=\"isotope-item print-solutions-se custom-col-5\"><a href=\"https:\/\/www.elanders.com\/swe\/case_study\/forsakringar-print-och-automation\/\" class=\"portfolio-item card h-100 \"><div class=\"portfolio-img\" style=\"background-image: url('https:\/\/www.elanders.com\/swe\/wp-content\/uploads\/2025\/06\/Case003.jpg');\"><\/div><div class=\"portfolio-info card-body d-flex flex-column justify-content-center\"><p class=\"card-title text-wrap\">F\u00f6rs\u00e4kringar \u2013 Print\u00a0och automation<\/p><\/div><\/a><\/div><div class=\"isotope-item print-solutions-se supply-chain-solutions-se custom-col-5\"><a href=\"https:\/\/www.elanders.com\/swe\/case_study\/automotive-globala-on-demand-leveranser\/\" class=\"portfolio-item card h-100 \"><div class=\"portfolio-img\" style=\"background-image: url('https:\/\/www.elanders.com\/swe\/wp-content\/uploads\/2026\/02\/Case011.webp');\"><\/div><div class=\"portfolio-info card-body d-flex flex-column justify-content-center\"><p class=\"card-title text-wrap\">Automotive \u2013 Globala on-demand-leveranser<\/p><\/div><\/a><\/div><div class=\"isotope-item print-solutions-se custom-col-5\"><a href=\"https:\/\/www.elanders.com\/swe\/case_study\/tillverkningsindustri-print\/\" class=\"portfolio-item card h-100 \"><div class=\"portfolio-img\" style=\"background-image: url('https:\/\/www.elanders.com\/swe\/wp-content\/uploads\/2026\/02\/Case004.webp');\"><\/div><div class=\"portfolio-info card-body d-flex flex-column justify-content-center\"><p class=\"card-title text-wrap\">Tillverkningsindustri \u2013 Print<\/p><\/div><\/a><\/div><\/div><\/div><\/div>\n\n\n<div style=\"height:75px\" aria-hidden=\"true\" class=\"wp-block-spacer\"><\/div>\n","protected":false},"excerpt":{"rendered":"","protected":false},"author":3,"featured_media":0,"parent":0,"menu_order":0,"comment_status":"closed","ping_status":"closed","template":"","meta":{"footnotes":""},"class_list":["post-755","page","type-page","status-publish","hentry"],"yoast_head":"<!-- This site is optimized with the Yoast SEO plugin v27.1.1 - https:\/\/yoast.com\/product\/yoast-seo-wordpress\/ -->\n<title>Print Solutions - Elanders Sweden<\/title>\n<meta name=\"description\" content=\"Elanders erbjuder ett brett sortiment inom tryckeri, fr\u00e5n manualer och marknadsf\u00f6ringsmaterial till skr\u00e4ddarsytt tryck. Elanders erbjudande inneh\u00e5ller \u00e4ven skr\u00e4ddarsydda B2C-samt B2B-l\u00f6sningar f\u00f6r e-handeln som kan integreras med kundens aff\u00e4rssystem och olika best\u00e4llningsplattformar.\" \/>\n<meta name=\"robots\" content=\"index, follow, max-snippet:-1, max-image-preview:large, max-video-preview:-1\" \/>\n<link rel=\"canonical\" href=\"https:\/\/www.elanders.com\/swe\/print-solutions\/\" \/>\n<meta property=\"og:locale\" content=\"sv_SE\" \/>\n<meta property=\"og:type\" content=\"article\" \/>\n<meta property=\"og:title\" content=\"Print Solutions - Elanders Sweden\" \/>\n<meta property=\"og:description\" content=\"Elanders erbjuder ett brett sortiment inom tryckeri, fr\u00e5n manualer och marknadsf\u00f6ringsmaterial till skr\u00e4ddarsytt tryck. Elanders erbjudande inneh\u00e5ller \u00e4ven skr\u00e4ddarsydda B2C-samt B2B-l\u00f6sningar f\u00f6r e-handeln som kan integreras med kundens aff\u00e4rssystem och olika best\u00e4llningsplattformar.\" \/>\n<meta property=\"og:url\" content=\"https:\/\/www.elanders.com\/swe\/print-solutions\/\" \/>\n<meta property=\"og:site_name\" content=\"Elanders Sweden\" \/>\n<meta property=\"article:modified_time\" content=\"2026-02-17T09:14:46+00:00\" \/>\n<meta name=\"twitter:card\" content=\"summary_large_image\" \/>\n<meta name=\"twitter:label1\" content=\"Ber\u00e4knad l\u00e4stid\" \/>\n\t<meta name=\"twitter:data1\" content=\"1 minut\" \/>\n<script type=\"application\/ld+json\" class=\"yoast-schema-graph\">{\"@context\":\"https:\/\/schema.org\",\"@graph\":[{\"@type\":\"WebPage\",\"@id\":\"https:\/\/www.elanders.com\/swe\/print-solutions\/\",\"url\":\"https:\/\/www.elanders.com\/swe\/print-solutions\/\",\"name\":\"Print Solutions - Elanders Sweden\",\"isPartOf\":{\"@id\":\"https:\/\/www.elanders.com\/swe\/#website\"},\"datePublished\":\"2025-05-07T10:02:46+00:00\",\"dateModified\":\"2026-02-17T09:14:46+00:00\",\"description\":\"Elanders erbjuder ett brett sortiment inom tryckeri, fr\u00e5n manualer och marknadsf\u00f6ringsmaterial till skr\u00e4ddarsytt tryck. Elanders erbjudande inneh\u00e5ller \u00e4ven skr\u00e4ddarsydda B2C-samt B2B-l\u00f6sningar f\u00f6r e-handeln som kan integreras med kundens aff\u00e4rssystem och olika best\u00e4llningsplattformar.\",\"breadcrumb\":{\"@id\":\"https:\/\/www.elanders.com\/swe\/print-solutions\/#breadcrumb\"},\"inLanguage\":\"sv-SE\",\"potentialAction\":[{\"@type\":\"ReadAction\",\"target\":[\"https:\/\/www.elanders.com\/swe\/print-solutions\/\"]}]},{\"@type\":\"BreadcrumbList\",\"@id\":\"https:\/\/www.elanders.com\/swe\/print-solutions\/#breadcrumb\",\"itemListElement\":[{\"@type\":\"ListItem\",\"position\":1,\"name\":\"Home\",\"item\":\"https:\/\/www.elanders.com\/swe\/\"},{\"@type\":\"ListItem\",\"position\":2,\"name\":\"Print Solutions\",\"item\":\"https:\/\/www.elanders.com\/swe\/print-solutions\/\"}]},{\"@type\":\"WebSite\",\"@id\":\"https:\/\/www.elanders.com\/swe\/#website\",\"url\":\"https:\/\/www.elanders.com\/swe\/\",\"name\":\"Elanders Sweden\",\"description\":\"\",\"publisher\":{\"@id\":\"https:\/\/www.elanders.com\/swe\/#organization\"},\"potentialAction\":[{\"@type\":\"SearchAction\",\"target\":{\"@type\":\"EntryPoint\",\"urlTemplate\":\"https:\/\/www.elanders.com\/swe\/?s={search_term_string}\"},\"query-input\":{\"@type\":\"PropertyValueSpecification\",\"valueRequired\":true,\"valueName\":\"search_term_string\"}}],\"inLanguage\":\"sv-SE\"},{\"@type\":\"Organization\",\"@id\":\"https:\/\/www.elanders.com\/swe\/#organization\",\"name\":\"Elanders Sweden\",\"url\":\"https:\/\/www.elanders.com\/swe\/\",\"logo\":{\"@type\":\"ImageObject\",\"inLanguage\":\"sv-SE\",\"@id\":\"https:\/\/www.elanders.com\/swe\/#\/schema\/logo\/image\/\",\"url\":\"https:\/\/www.elanders.com\/swe\/wp-content\/uploads\/2025\/10\/elanders_sweden_rgb_member_web-3.svg\",\"contentUrl\":\"https:\/\/www.elanders.com\/swe\/wp-content\/uploads\/2025\/10\/elanders_sweden_rgb_member_web-3.svg\",\"width\":1,\"height\":1,\"caption\":\"Elanders Sweden\"},\"image\":{\"@id\":\"https:\/\/www.elanders.com\/swe\/#\/schema\/logo\/image\/\"}}]}<\/script>\n<!-- \/ Yoast SEO plugin. -->","yoast_head_json":{"title":"Print Solutions - Elanders Sweden","description":"Elanders erbjuder ett brett sortiment inom tryckeri, fr\u00e5n manualer och marknadsf\u00f6ringsmaterial till skr\u00e4ddarsytt tryck. Elanders erbjudande inneh\u00e5ller \u00e4ven skr\u00e4ddarsydda B2C-samt B2B-l\u00f6sningar f\u00f6r e-handeln som kan integreras med kundens aff\u00e4rssystem och olika best\u00e4llningsplattformar.","robots":{"index":"index","follow":"follow","max-snippet":"max-snippet:-1","max-image-preview":"max-image-preview:large","max-video-preview":"max-video-preview:-1"},"canonical":"https:\/\/www.elanders.com\/swe\/print-solutions\/","og_locale":"sv_SE","og_type":"article","og_title":"Print Solutions - Elanders Sweden","og_description":"Elanders erbjuder ett brett sortiment inom tryckeri, fr\u00e5n manualer och marknadsf\u00f6ringsmaterial till skr\u00e4ddarsytt tryck. Elanders erbjudande inneh\u00e5ller \u00e4ven skr\u00e4ddarsydda B2C-samt B2B-l\u00f6sningar f\u00f6r e-handeln som kan integreras med kundens aff\u00e4rssystem och olika best\u00e4llningsplattformar.","og_url":"https:\/\/www.elanders.com\/swe\/print-solutions\/","og_site_name":"Elanders Sweden","article_modified_time":"2026-02-17T09:14:46+00:00","twitter_card":"summary_large_image","twitter_misc":{"Ber\u00e4knad l\u00e4stid":"1 minut"},"schema":{"@context":"https:\/\/schema.org","@graph":[{"@type":"WebPage","@id":"https:\/\/www.elanders.com\/swe\/print-solutions\/","url":"https:\/\/www.elanders.com\/swe\/print-solutions\/","name":"Print Solutions - Elanders Sweden","isPartOf":{"@id":"https:\/\/www.elanders.com\/swe\/#website"},"datePublished":"2025-05-07T10:02:46+00:00","dateModified":"2026-02-17T09:14:46+00:00","description":"Elanders erbjuder ett brett sortiment inom tryckeri, fr\u00e5n manualer och marknadsf\u00f6ringsmaterial till skr\u00e4ddarsytt tryck. Elanders erbjudande inneh\u00e5ller \u00e4ven skr\u00e4ddarsydda B2C-samt B2B-l\u00f6sningar f\u00f6r e-handeln som kan integreras med kundens aff\u00e4rssystem och olika best\u00e4llningsplattformar.","breadcrumb":{"@id":"https:\/\/www.elanders.com\/swe\/print-solutions\/#breadcrumb"},"inLanguage":"sv-SE","potentialAction":[{"@type":"ReadAction","target":["https:\/\/www.elanders.com\/swe\/print-solutions\/"]}]},{"@type":"BreadcrumbList","@id":"https:\/\/www.elanders.com\/swe\/print-solutions\/#breadcrumb","itemListElement":[{"@type":"ListItem","position":1,"name":"Home","item":"https:\/\/www.elanders.com\/swe\/"},{"@type":"ListItem","position":2,"name":"Print Solutions","item":"https:\/\/www.elanders.com\/swe\/print-solutions\/"}]},{"@type":"WebSite","@id":"https:\/\/www.elanders.com\/swe\/#website","url":"https:\/\/www.elanders.com\/swe\/","name":"Elanders Sweden","description":"","publisher":{"@id":"https:\/\/www.elanders.com\/swe\/#organization"},"potentialAction":[{"@type":"SearchAction","target":{"@type":"EntryPoint","urlTemplate":"https:\/\/www.elanders.com\/swe\/?s={search_term_string}"},"query-input":{"@type":"PropertyValueSpecification","valueRequired":true,"valueName":"search_term_string"}}],"inLanguage":"sv-SE"},{"@type":"Organization","@id":"https:\/\/www.elanders.com\/swe\/#organization","name":"Elanders Sweden","url":"https:\/\/www.elanders.com\/swe\/","logo":{"@type":"ImageObject","inLanguage":"sv-SE","@id":"https:\/\/www.elanders.com\/swe\/#\/schema\/logo\/image\/","url":"https:\/\/www.elanders.com\/swe\/wp-content\/uploads\/2025\/10\/elanders_sweden_rgb_member_web-3.svg","contentUrl":"https:\/\/www.elanders.com\/swe\/wp-content\/uploads\/2025\/10\/elanders_sweden_rgb_member_web-3.svg","width":1,"height":1,"caption":"Elanders Sweden"},"image":{"@id":"https:\/\/www.elanders.com\/swe\/#\/schema\/logo\/image\/"}}]}},"_links":{"self":[{"href":"https:\/\/www.elanders.com\/swe\/wp-json\/wp\/v2\/pages\/755","targetHints":{"allow":["GET"]}}],"collection":[{"href":"https:\/\/www.elanders.com\/swe\/wp-json\/wp\/v2\/pages"}],"about":[{"href":"https:\/\/www.elanders.com\/swe\/wp-json\/wp\/v2\/types\/page"}],"author":[{"embeddable":true,"href":"https:\/\/www.elanders.com\/swe\/wp-json\/wp\/v2\/users\/3"}],"replies":[{"embeddable":true,"href":"https:\/\/www.elanders.com\/swe\/wp-json\/wp\/v2\/comments?post=755"}],"version-history":[{"count":8,"href":"https:\/\/www.elanders.com\/swe\/wp-json\/wp\/v2\/pages\/755\/revisions"}],"predecessor-version":[{"id":2694,"href":"https:\/\/www.elanders.com\/swe\/wp-json\/wp\/v2\/pages\/755\/revisions\/2694"}],"wp:attachment":[{"href":"https:\/\/www.elanders.com\/swe\/wp-json\/wp\/v2\/media?parent=755"}],"curies":[{"name":"wp","href":"https:\/\/api.w.org\/{rel}","templated":true}]}}