{"id":812,"date":"2025-05-07T11:32:47","date_gmt":"2025-05-07T11:32:47","guid":{"rendered":"https:\/\/www.elanders.com\/swe\/?page_id=812"},"modified":"2026-02-17T10:01:01","modified_gmt":"2026-02-17T09:01:01","slug":"miljo-och-kvalitet","status":"publish","type":"page","link":"https:\/\/www.elanders.com\/swe\/miljo-och-kvalitet\/","title":{"rendered":"Milj\u00f6 och kvalitet"},"content":{"rendered":"\n        <style>\n             .showcase-section-block-69dccc7a4114a {\n                background-image: url(https:\/\/www.elanders.com\/swe\/wp-content\/uploads\/2026\/02\/SE-ENVIRONMENT-25-1.webp);\n                background-attachment: fixed;\n                background-size: cover;  \n                background-repeat: no-repeat; \n                background-position: center center;\n                overflow: hidden;\n                color:  var(--elarb-white);\n            }\n\n            @media (max-width: 1024px) {\n                 .showcase-section-block-69dccc7a4114a {\n                    background-attachment: scroll;\n                }\n            }\n        <\/style><section class=\"showcase-section-block showcase-section-block-69dccc7a4114a\">   \n        <div class=\"container showcase-section-container showcase-section-banner\">\n                <div class=\"showcase-section d-flex flex-column align-items-left justify-content-evenly text-left\">\n            <div class=\"showcase-content\">\n                <h2 class=\"showcase-title\">Milj\u00f6 och <nobr>kvalitet<\/nobr><\/h2>\n                <p class=\"showcase-description\"><\/p>\n                <hr class=\"horizontal-line\">\n                  <div class=\"showcase-section-button\">\n                    \n                  <\/div>\n            <\/div>\n        <\/div>\n        <\/div>\n    <\/section>\n\n<section id=\"\" class=\"text-block  space-bottom-no space-top-yes text-block-id-69dccc7a4124a bg-color-white text-color-black\">                \n                    <div class=\"container\">  \n                                              \n                            \n                                               \n                        <div class=\"row text\">\n                        <div class=\"col\">\n                            <div class=\"textBlock-text text-block-html  \">\n                                <p class=\"wp-block-wt-text-block\">F\u00f6r oss g\u00e5r h\u00e5llbarhet hand i hand med ett globalt perspektiv. I v\u00e5rt milj\u00f6arbete str\u00e4var vi alltid efter f\u00f6rb\u00e4ttrade processer, produktionsmetoder och produkter som minskar v\u00e5r milj\u00f6p\u00e5verkan \u00f6ver hela livscykeln. Ambitionen \u00e4r att leva upp till eller \u00f6vertr\u00e4ffa de milj\u00f6krav som st\u00e4lls p\u00e5 v\u00e5r verksamhet.&nbsp;<\/p>\n<p>F\u00f6r att kvalitetss\u00e4kra v\u00e5rt kvalitets- och milj\u00f6arbete \u00e4r vi certifierade enligt ISO 9001 sedan 1998 och ISO 14001 sedan 2000. I enlighet med villkoren f\u00f6r dem har vi tagit fram policys och m\u00e5l f\u00f6r verksamheten, styrdokument f\u00f6r v\u00e5ra arbetsprocesser och riktlinjer f\u00f6r hur vi tar hand om och f\u00f6ljer upp de avvikelser och f\u00f6rb\u00e4ttringsf\u00f6rslag som finns.<\/p>\n<p>Elanders \u00e4r \u00e4ven FSC<sup>\u00ae<\/sup>-certifierat, Svanen-certifierat och CGP-certifierat. Vill du veta mer om v\u00e5rt kvalitets- och milj\u00f6arbete hittar du policys och certifikat nedan.<\/p>\n<p>L\u00e4s mer:&nbsp;<a href=\"https:\/\/fsc.org\/\" target=\"_blank\" rel=\"noreferrer noopener\">fsc.org<\/a>,&nbsp;<a href=\"https:\/\/www.svanen.se\/\" target=\"_blank\" rel=\"noreferrer noopener\">svanen.se<\/a>,&nbsp;<a href=\"https:\/\/www.grafiska.se\/om-grafiska\/grafiska-branschen\/standarder\/certifierad-grafisk-produktion\/\" target=\"_blank\" rel=\"noreferrer noopener\">CGP-Certifierad grafisk produktion<\/a><\/p>\n\n                            <\/div>\n                        <\/div>                                        \n                    <\/div>                                              \n                    <\/div>                                \n            <\/section>\n\n<section id=\"\" class=\"text-block  space-bottom-no space-top-yes text-block-id-69dccc7a416f3 bg-color-white text-color-black\">                \n                    <div class=\"container\">  \n                                              \n                        <div class=\"row\">                                        \n                        <div class=\"col\">\n                            <h3 class=\"textBlock-headline left \">Kvalitets- och milj\u00f6policy<\/h3>\n                             <hr class='horizontal-line' \/>\n                        <\/div>       \n                                                          \n                    <\/div>    \n                                               \n                        <div class=\"row text\">\n                        <div class=\"col\">\n                            <div class=\"textBlock-text text-block-html  \">\n                                <p class=\"wp-block-wt-text-block\">\n\n                            <\/div>\n                        <\/div>                                        \n                    <\/div>                                              \n                    <\/div>                                \n            <\/section>\n\n<section class=\"icon-block  bg-color-white space-bottom-no space-top-no\">  \n                <div class=\"container \">              \n                    <div class=\"row\">\n                        <div class=\"icon-block-container col-12\">         \n\t                         <a href='https:\/\/www.elanders.com\/swe\/wp-content\/uploads\/2025\/06\/Kvalitetspolicy-2024.pdf' target=_black class=\"icon-red text-color-black \">\n\t                            <i class=\"bi bi-file-earmark-pdf\"><\/i>\n\t                            \n\t                            Kvalitetspolicy Elanders Sverige AB\n\t                       \n\t                        <\/a>               \t  \n                        <\/div>\n                <\/div>                                                                \n            <\/section>\n\n<section class=\"icon-block  bg-color-white space-bottom-yes space-top-no\">  \n                <div class=\"container \">              \n                    <div class=\"row\">\n                        <div class=\"icon-block-container col-12\">         \n\t                         <a href='https:\/\/www.elanders.com\/swe\/wp-content\/uploads\/2025\/06\/Miljopolicy-2024.pdf' target=_black class=\"icon-red text-color-black \">\n\t                            <i class=\"bi bi-file-earmark-pdf\"><\/i>\n\t                            \n\t                            Milj\u00f6policy Elanders Sverige AB\n\t                       \n\t                        <\/a>               \t  \n                        <\/div>\n                <\/div>                                                                \n            <\/section>\n\n<section id=\"\" class=\"text-block  space-bottom-no space-top-yes text-block-id-69dccc7a4196e bg-color-white text-color-black\">                \n                    <div class=\"container\">  \n                                              \n                        <div class=\"row\">                                        \n                        <div class=\"col\">\n                            <h3 class=\"textBlock-headline left \">Certifikat<\/h3>\n                             <hr class='horizontal-line' \/>\n                        <\/div>       \n                                                          \n                    <\/div>    \n                                               \n                        <div class=\"row text\">\n                        <div class=\"col\">\n                            <div class=\"textBlock-text text-block-html  \">\n                                <p class=\"wp-block-wt-text-block\">\n\n                            <\/div>\n                        <\/div>                                        \n                    <\/div>                                              \n                    <\/div>                                \n            <\/section>\n\n<section class=\"icon-block  bg-color-white space-bottom-no space-top-no\">  \n                <div class=\"container \">              \n                    <div class=\"row\">\n                        <div class=\"icon-block-container col-12\">         \n\t                         <a href='https:\/\/www.elanders.com\/swe\/wp-content\/uploads\/2025\/05\/00002250-00002251-QMS-EMS-SWESE-UKAS.pdf' target=_black class=\"icon-red text-color-black \">\n\t                            <i class=\"bi bi-file-earmark-pdf\"><\/i>\n\t                            \n\t                            Elanders Sverige AB ISO14001-ISO9001 (SE)\n\t                       \n\t                        <\/a>               \t  \n                        <\/div>\n                <\/div>                                                                \n            <\/section>\n\n<section class=\"icon-block  bg-color-white space-bottom-no space-top-no\">  \n                <div class=\"container \">              \n                    <div class=\"row\">\n                        <div class=\"icon-block-container col-12\">         \n\t                         <a href='https:\/\/www.elanders.com\/swe\/wp-content\/uploads\/2025\/05\/00002250-00002251-QMS-EMS-ENGUS-UKAS.pdf' target=_black class=\"icon-red text-color-black \">\n\t                            <i class=\"bi bi-file-earmark-pdf\"><\/i>\n\t                            \n\t                            Elanders Sverige AB ISO14001-ISO9001 (EN)\n\t                       \n\t                        <\/a>               \t  \n                        <\/div>\n                <\/div>                                                                \n            <\/section>\n\n<section class=\"icon-block  bg-color-white space-bottom-no space-top-no\">  \n                <div class=\"container \">              \n                    <div class=\"row\">\n                        <div class=\"icon-block-container col-12\">         \n\t                         <a href='https:\/\/www.elanders.com\/swe\/wp-content\/uploads\/2025\/06\/FSC-Certifikat-ENG.pdf' target=_black class=\"icon-red text-color-black \">\n\t                            <i class=\"bi bi-file-earmark-pdf\"><\/i>\n\t                            \n\t                            FSC<sup>\u00ae<\/sup>-certifikat\n\t                       \n\t                        <\/a>               \t  \n                        <\/div>\n                <\/div>                                                                \n            <\/section>\n\n<section class=\"icon-block  bg-color-white space-bottom-no space-top-no\">  \n                <div class=\"container \">              \n                    <div class=\"row\">\n                        <div class=\"icon-block-container col-12\">         \n\t                         <a href='https:\/\/www.elanders.com\/swe\/wp-content\/uploads\/2025\/06\/3041-0123-6.1-Elanders-Sverige-AB-Certifikat-Sverige.pdf' target=_black class=\"icon-red text-color-black \">\n\t                            <i class=\"bi bi-file-earmark-pdf\"><\/i>\n\t                            \n\t                            Svanen\n\t                       \n\t                        <\/a>               \t  \n                        <\/div>\n                <\/div>                                                                \n            <\/section>\n\n<section class=\"icon-block  bg-color-white space-bottom-yes space-top-no\">  \n                <div class=\"container \">              \n                    <div class=\"row\">\n                        <div class=\"icon-block-container col-12\">         \n\t                         <a href='https:\/\/www.elanders.com\/swe\/wp-content\/uploads\/2025\/06\/CGP-Certifikat.pdf' target=_black class=\"icon-red text-color-black \">\n\t                            <i class=\"bi bi-file-earmark-pdf\"><\/i>\n\t                            \n\t                            CGP\n\t                       \n\t                        <\/a>               \t  \n                        <\/div>\n                <\/div>                                                                \n            <\/section>\n\n\n<div style=\"height:50px\" aria-hidden=\"true\" class=\"wp-block-spacer\"><\/div>\n\n\n\n<p><\/p>\n","protected":false},"excerpt":{"rendered":"","protected":false},"author":3,"featured_media":0,"parent":0,"menu_order":0,"comment_status":"closed","ping_status":"closed","template":"","meta":{"footnotes":""},"class_list":["post-812","page","type-page","status-publish","hentry"],"yoast_head":"<!-- This site is optimized with the Yoast SEO plugin v27.1.1 - https:\/\/yoast.com\/product\/yoast-seo-wordpress\/ -->\n<title>Milj\u00f6 och kvalitet - Elanders Sweden<\/title>\n<meta name=\"description\" content=\"F\u00f6r Elanders g\u00e5r h\u00e5llbarhet hand i hand med ett globalt perspektiv. I v\u00e5rt milj\u00f6arbete str\u00e4var vi alltid efter f\u00f6rb\u00e4ttrade processer, produktionsmetoder och produkter som minskar v\u00e5r milj\u00f6p\u00e5verkan \u00f6ver hela livscykeln.\" \/>\n<meta name=\"robots\" content=\"index, follow, max-snippet:-1, max-image-preview:large, max-video-preview:-1\" \/>\n<link rel=\"canonical\" href=\"https:\/\/www.elanders.com\/swe\/miljo-och-kvalitet\/\" \/>\n<meta property=\"og:locale\" content=\"sv_SE\" \/>\n<meta property=\"og:type\" content=\"article\" \/>\n<meta property=\"og:title\" content=\"Milj\u00f6 och kvalitet - Elanders Sweden\" \/>\n<meta property=\"og:description\" content=\"F\u00f6r Elanders g\u00e5r h\u00e5llbarhet hand i hand med ett globalt perspektiv. I v\u00e5rt milj\u00f6arbete str\u00e4var vi alltid efter f\u00f6rb\u00e4ttrade processer, produktionsmetoder och produkter som minskar v\u00e5r milj\u00f6p\u00e5verkan \u00f6ver hela livscykeln.\" \/>\n<meta property=\"og:url\" content=\"https:\/\/www.elanders.com\/swe\/miljo-och-kvalitet\/\" \/>\n<meta property=\"og:site_name\" content=\"Elanders Sweden\" \/>\n<meta property=\"article:modified_time\" content=\"2026-02-17T09:01:01+00:00\" \/>\n<meta name=\"twitter:card\" content=\"summary_large_image\" \/>\n<meta name=\"twitter:label1\" content=\"Ber\u00e4knad l\u00e4stid\" \/>\n\t<meta name=\"twitter:data1\" content=\"1 minut\" \/>\n<script type=\"application\/ld+json\" class=\"yoast-schema-graph\">{\"@context\":\"https:\/\/schema.org\",\"@graph\":[{\"@type\":\"WebPage\",\"@id\":\"https:\/\/www.elanders.com\/swe\/miljo-och-kvalitet\/\",\"url\":\"https:\/\/www.elanders.com\/swe\/miljo-och-kvalitet\/\",\"name\":\"Milj\u00f6 och kvalitet - Elanders Sweden\",\"isPartOf\":{\"@id\":\"https:\/\/www.elanders.com\/swe\/#website\"},\"datePublished\":\"2025-05-07T11:32:47+00:00\",\"dateModified\":\"2026-02-17T09:01:01+00:00\",\"description\":\"F\u00f6r Elanders g\u00e5r h\u00e5llbarhet hand i hand med ett globalt perspektiv. I v\u00e5rt milj\u00f6arbete str\u00e4var vi alltid efter f\u00f6rb\u00e4ttrade processer, produktionsmetoder och produkter som minskar v\u00e5r milj\u00f6p\u00e5verkan \u00f6ver hela livscykeln.\",\"breadcrumb\":{\"@id\":\"https:\/\/www.elanders.com\/swe\/miljo-och-kvalitet\/#breadcrumb\"},\"inLanguage\":\"sv-SE\",\"potentialAction\":[{\"@type\":\"ReadAction\",\"target\":[\"https:\/\/www.elanders.com\/swe\/miljo-och-kvalitet\/\"]}]},{\"@type\":\"BreadcrumbList\",\"@id\":\"https:\/\/www.elanders.com\/swe\/miljo-och-kvalitet\/#breadcrumb\",\"itemListElement\":[{\"@type\":\"ListItem\",\"position\":1,\"name\":\"Home\",\"item\":\"https:\/\/www.elanders.com\/swe\/\"},{\"@type\":\"ListItem\",\"position\":2,\"name\":\"Milj\u00f6 och kvalitet\",\"item\":\"https:\/\/www.elanders.com\/swe\/miljo-och-kvalitet\/\"}]},{\"@type\":\"WebSite\",\"@id\":\"https:\/\/www.elanders.com\/swe\/#website\",\"url\":\"https:\/\/www.elanders.com\/swe\/\",\"name\":\"Elanders Sweden\",\"description\":\"\",\"publisher\":{\"@id\":\"https:\/\/www.elanders.com\/swe\/#organization\"},\"potentialAction\":[{\"@type\":\"SearchAction\",\"target\":{\"@type\":\"EntryPoint\",\"urlTemplate\":\"https:\/\/www.elanders.com\/swe\/?s={search_term_string}\"},\"query-input\":{\"@type\":\"PropertyValueSpecification\",\"valueRequired\":true,\"valueName\":\"search_term_string\"}}],\"inLanguage\":\"sv-SE\"},{\"@type\":\"Organization\",\"@id\":\"https:\/\/www.elanders.com\/swe\/#organization\",\"name\":\"Elanders Sweden\",\"url\":\"https:\/\/www.elanders.com\/swe\/\",\"logo\":{\"@type\":\"ImageObject\",\"inLanguage\":\"sv-SE\",\"@id\":\"https:\/\/www.elanders.com\/swe\/#\/schema\/logo\/image\/\",\"url\":\"https:\/\/www.elanders.com\/swe\/wp-content\/uploads\/2025\/10\/elanders_sweden_rgb_member_web-3.svg\",\"contentUrl\":\"https:\/\/www.elanders.com\/swe\/wp-content\/uploads\/2025\/10\/elanders_sweden_rgb_member_web-3.svg\",\"width\":1,\"height\":1,\"caption\":\"Elanders Sweden\"},\"image\":{\"@id\":\"https:\/\/www.elanders.com\/swe\/#\/schema\/logo\/image\/\"}}]}<\/script>\n<!-- \/ Yoast SEO plugin. -->","yoast_head_json":{"title":"Milj\u00f6 och kvalitet - Elanders Sweden","description":"F\u00f6r Elanders g\u00e5r h\u00e5llbarhet hand i hand med ett globalt perspektiv. I v\u00e5rt milj\u00f6arbete str\u00e4var vi alltid efter f\u00f6rb\u00e4ttrade processer, produktionsmetoder och produkter som minskar v\u00e5r milj\u00f6p\u00e5verkan \u00f6ver hela livscykeln.","robots":{"index":"index","follow":"follow","max-snippet":"max-snippet:-1","max-image-preview":"max-image-preview:large","max-video-preview":"max-video-preview:-1"},"canonical":"https:\/\/www.elanders.com\/swe\/miljo-och-kvalitet\/","og_locale":"sv_SE","og_type":"article","og_title":"Milj\u00f6 och kvalitet - Elanders Sweden","og_description":"F\u00f6r Elanders g\u00e5r h\u00e5llbarhet hand i hand med ett globalt perspektiv. I v\u00e5rt milj\u00f6arbete str\u00e4var vi alltid efter f\u00f6rb\u00e4ttrade processer, produktionsmetoder och produkter som minskar v\u00e5r milj\u00f6p\u00e5verkan \u00f6ver hela livscykeln.","og_url":"https:\/\/www.elanders.com\/swe\/miljo-och-kvalitet\/","og_site_name":"Elanders Sweden","article_modified_time":"2026-02-17T09:01:01+00:00","twitter_card":"summary_large_image","twitter_misc":{"Ber\u00e4knad l\u00e4stid":"1 minut"},"schema":{"@context":"https:\/\/schema.org","@graph":[{"@type":"WebPage","@id":"https:\/\/www.elanders.com\/swe\/miljo-och-kvalitet\/","url":"https:\/\/www.elanders.com\/swe\/miljo-och-kvalitet\/","name":"Milj\u00f6 och kvalitet - Elanders Sweden","isPartOf":{"@id":"https:\/\/www.elanders.com\/swe\/#website"},"datePublished":"2025-05-07T11:32:47+00:00","dateModified":"2026-02-17T09:01:01+00:00","description":"F\u00f6r Elanders g\u00e5r h\u00e5llbarhet hand i hand med ett globalt perspektiv. I v\u00e5rt milj\u00f6arbete str\u00e4var vi alltid efter f\u00f6rb\u00e4ttrade processer, produktionsmetoder och produkter som minskar v\u00e5r milj\u00f6p\u00e5verkan \u00f6ver hela livscykeln.","breadcrumb":{"@id":"https:\/\/www.elanders.com\/swe\/miljo-och-kvalitet\/#breadcrumb"},"inLanguage":"sv-SE","potentialAction":[{"@type":"ReadAction","target":["https:\/\/www.elanders.com\/swe\/miljo-och-kvalitet\/"]}]},{"@type":"BreadcrumbList","@id":"https:\/\/www.elanders.com\/swe\/miljo-och-kvalitet\/#breadcrumb","itemListElement":[{"@type":"ListItem","position":1,"name":"Home","item":"https:\/\/www.elanders.com\/swe\/"},{"@type":"ListItem","position":2,"name":"Milj\u00f6 och kvalitet","item":"https:\/\/www.elanders.com\/swe\/miljo-och-kvalitet\/"}]},{"@type":"WebSite","@id":"https:\/\/www.elanders.com\/swe\/#website","url":"https:\/\/www.elanders.com\/swe\/","name":"Elanders Sweden","description":"","publisher":{"@id":"https:\/\/www.elanders.com\/swe\/#organization"},"potentialAction":[{"@type":"SearchAction","target":{"@type":"EntryPoint","urlTemplate":"https:\/\/www.elanders.com\/swe\/?s={search_term_string}"},"query-input":{"@type":"PropertyValueSpecification","valueRequired":true,"valueName":"search_term_string"}}],"inLanguage":"sv-SE"},{"@type":"Organization","@id":"https:\/\/www.elanders.com\/swe\/#organization","name":"Elanders Sweden","url":"https:\/\/www.elanders.com\/swe\/","logo":{"@type":"ImageObject","inLanguage":"sv-SE","@id":"https:\/\/www.elanders.com\/swe\/#\/schema\/logo\/image\/","url":"https:\/\/www.elanders.com\/swe\/wp-content\/uploads\/2025\/10\/elanders_sweden_rgb_member_web-3.svg","contentUrl":"https:\/\/www.elanders.com\/swe\/wp-content\/uploads\/2025\/10\/elanders_sweden_rgb_member_web-3.svg","width":1,"height":1,"caption":"Elanders Sweden"},"image":{"@id":"https:\/\/www.elanders.com\/swe\/#\/schema\/logo\/image\/"}}]}},"_links":{"self":[{"href":"https:\/\/www.elanders.com\/swe\/wp-json\/wp\/v2\/pages\/812","targetHints":{"allow":["GET"]}}],"collection":[{"href":"https:\/\/www.elanders.com\/swe\/wp-json\/wp\/v2\/pages"}],"about":[{"href":"https:\/\/www.elanders.com\/swe\/wp-json\/wp\/v2\/types\/page"}],"author":[{"embeddable":true,"href":"https:\/\/www.elanders.com\/swe\/wp-json\/wp\/v2\/users\/3"}],"replies":[{"embeddable":true,"href":"https:\/\/www.elanders.com\/swe\/wp-json\/wp\/v2\/comments?post=812"}],"version-history":[{"count":31,"href":"https:\/\/www.elanders.com\/swe\/wp-json\/wp\/v2\/pages\/812\/revisions"}],"predecessor-version":[{"id":2631,"href":"https:\/\/www.elanders.com\/swe\/wp-json\/wp\/v2\/pages\/812\/revisions\/2631"}],"wp:attachment":[{"href":"https:\/\/www.elanders.com\/swe\/wp-json\/wp\/v2\/media?parent=812"}],"curies":[{"name":"wp","href":"https:\/\/api.w.org\/{rel}","templated":true}]}}