{"id":956,"date":"2025-05-07T12:14:45","date_gmt":"2025-05-07T12:14:45","guid":{"rendered":"https:\/\/www.elanders.com\/swe\/?page_id=956"},"modified":"2026-02-17T10:00:27","modified_gmt":"2026-02-17T09:00:27","slug":"karriar","status":"publish","type":"page","link":"https:\/\/www.elanders.com\/swe\/karriar\/","title":{"rendered":"Karri\u00e4r"},"content":{"rendered":"\n        <style>\n             .showcase-section-block-69deaa803ee65 {\n                background-image: url(https:\/\/www.elanders.com\/swe\/wp-content\/uploads\/2026\/02\/SE-Career-25-1.webp);\n                background-attachment: fixed;\n                background-size: cover;  \n                background-repeat: no-repeat; \n                background-position: center center;\n                overflow: hidden;\n                color:  var(--elarb-white);\n            }\n\n            @media (max-width: 1024px) {\n                 .showcase-section-block-69deaa803ee65 {\n                    background-attachment: scroll;\n                }\n            }\n        <\/style><section class=\"showcase-section-block showcase-section-block-69deaa803ee65\">   \n        <div class=\"container showcase-section-container showcase-section-banner\">\n                <div class=\"showcase-section d-flex flex-column align-items-left justify-content-evenly text-left\">\n            <div class=\"showcase-content\">\n                <h2 class=\"showcase-title\">Karri\u00e4r<\/h2>\n                <p class=\"showcase-description\"><\/p>\n                <hr class=\"horizontal-line\">\n                  <div class=\"showcase-section-button\">\n                    \n                  <\/div>\n            <\/div>\n        <\/div>\n        <\/div>\n    <\/section>\n\n<section id=\"\" class=\"text-block  space-bottom-yes space-top-yes text-block-id-69deaa803ef69 bg-color-white text-color-black\">                \n                    <div class=\"container\">  \n                                              \n                            \n                                               \n                        <div class=\"row text\">\n                        <div class=\"col\">\n                            <div class=\"textBlock-text text-block-html  \">\n                                <p class=\"wp-block-wt-text-block\">Vill du bli en av oss? P\u00e5 Elanders \u00e4r vi alltid intresserade av talangfulla m\u00e4nniskor som kan hj\u00e4lpa oss att utveckla morgondagens l\u00f6sningar f\u00f6r logistik, tryck och f\u00f6rpackningar.<\/p>\n<p>Eftersom vi har ett brett utbud av tj\u00e4nster och ett globalt erbjudande har vi medarbetare med m\u00e5nga olika kompetenser. Fr\u00e5n tryck, lager och logistik till ekonomi, marknad, f\u00f6rs\u00e4ljning, design och systemutveckling. Om du har erfarenhet av ett eller flera omr\u00e5den kan vi erbjuda m\u00f6jligheter till en karri\u00e4r som tar dig ut i v\u00e4rlden. L\u00e4ngs v\u00e4gen f\u00e5r du utrymme att utvecklas i en \u00f6ppen atmosf\u00e4r tillsammans med kollegor som \u00e4r duktiga p\u00e5 det de g\u00f6r. H\u00f6r av dig med CV och intresseanm\u00e4lan nedan, s\u00e5 \u00e5terkommer vi s\u00e5 snart vi kan.<\/p>\n\n                            <\/div>\n                        <\/div>                                        \n                    <\/div>                                              \n                    <\/div>                                \n            <\/section>\n\n<section class=\"cta-block\">  \n              <div class=\"container\">              \n                <div class=\"row\">\n                    <div class=\"col-lg-4 col-md-6 mb-3\">\n                      <a target=\"_self\" class=\"btn-full btn-full-blue\" href=\"mailto:ansokan@elanders.com\" class=\"button\">Ans\u00f6k h\u00e4r<\/a>\n                    <\/div>\n                <\/div>                                                                \n              <\/div>\n            <\/section>\n\n\n<div style=\"height:50px\" aria-hidden=\"true\" class=\"wp-block-spacer\"><\/div>\n","protected":false},"excerpt":{"rendered":"","protected":false},"author":3,"featured_media":0,"parent":0,"menu_order":0,"comment_status":"closed","ping_status":"closed","template":"","meta":{"footnotes":""},"class_list":["post-956","page","type-page","status-publish","hentry"],"yoast_head":"<!-- This site is optimized with the Yoast SEO plugin v27.1.1 - https:\/\/yoast.com\/product\/yoast-seo-wordpress\/ -->\n<title>Karri\u00e4r - Elanders Sweden<\/title>\n<meta name=\"description\" content=\"Elanders har medarbetare inom m\u00e5nga olika kompetensomr\u00e5den, bland annat tryck, lager, logistisk, ekonomi, s\u00e4lj, design och systemutveckling.\" \/>\n<meta name=\"robots\" content=\"index, follow, max-snippet:-1, max-image-preview:large, max-video-preview:-1\" \/>\n<link rel=\"canonical\" href=\"https:\/\/www.elanders.com\/swe\/karriar\/\" \/>\n<meta property=\"og:locale\" content=\"sv_SE\" \/>\n<meta property=\"og:type\" content=\"article\" \/>\n<meta property=\"og:title\" content=\"Karri\u00e4r - Elanders Sweden\" \/>\n<meta property=\"og:description\" content=\"Elanders har medarbetare inom m\u00e5nga olika kompetensomr\u00e5den, bland annat tryck, lager, logistisk, ekonomi, s\u00e4lj, design och systemutveckling.\" \/>\n<meta property=\"og:url\" content=\"https:\/\/www.elanders.com\/swe\/karriar\/\" \/>\n<meta property=\"og:site_name\" content=\"Elanders Sweden\" \/>\n<meta property=\"article:modified_time\" content=\"2026-02-17T09:00:27+00:00\" \/>\n<meta name=\"twitter:card\" content=\"summary_large_image\" \/>\n<meta name=\"twitter:label1\" content=\"Ber\u00e4knad l\u00e4stid\" \/>\n\t<meta name=\"twitter:data1\" content=\"1 minut\" \/>\n<script type=\"application\/ld+json\" class=\"yoast-schema-graph\">{\"@context\":\"https:\/\/schema.org\",\"@graph\":[{\"@type\":\"WebPage\",\"@id\":\"https:\/\/www.elanders.com\/swe\/karriar\/\",\"url\":\"https:\/\/www.elanders.com\/swe\/karriar\/\",\"name\":\"Karri\u00e4r - Elanders Sweden\",\"isPartOf\":{\"@id\":\"https:\/\/www.elanders.com\/swe\/#website\"},\"datePublished\":\"2025-05-07T12:14:45+00:00\",\"dateModified\":\"2026-02-17T09:00:27+00:00\",\"description\":\"Elanders har medarbetare inom m\u00e5nga olika kompetensomr\u00e5den, bland annat tryck, lager, logistisk, ekonomi, s\u00e4lj, design och systemutveckling.\",\"breadcrumb\":{\"@id\":\"https:\/\/www.elanders.com\/swe\/karriar\/#breadcrumb\"},\"inLanguage\":\"sv-SE\",\"potentialAction\":[{\"@type\":\"ReadAction\",\"target\":[\"https:\/\/www.elanders.com\/swe\/karriar\/\"]}]},{\"@type\":\"BreadcrumbList\",\"@id\":\"https:\/\/www.elanders.com\/swe\/karriar\/#breadcrumb\",\"itemListElement\":[{\"@type\":\"ListItem\",\"position\":1,\"name\":\"Home\",\"item\":\"https:\/\/www.elanders.com\/swe\/\"},{\"@type\":\"ListItem\",\"position\":2,\"name\":\"Karri\u00e4r\",\"item\":\"https:\/\/www.elanders.com\/swe\/karriar\/\"}]},{\"@type\":\"WebSite\",\"@id\":\"https:\/\/www.elanders.com\/swe\/#website\",\"url\":\"https:\/\/www.elanders.com\/swe\/\",\"name\":\"Elanders Sweden\",\"description\":\"\",\"publisher\":{\"@id\":\"https:\/\/www.elanders.com\/swe\/#organization\"},\"potentialAction\":[{\"@type\":\"SearchAction\",\"target\":{\"@type\":\"EntryPoint\",\"urlTemplate\":\"https:\/\/www.elanders.com\/swe\/?s={search_term_string}\"},\"query-input\":{\"@type\":\"PropertyValueSpecification\",\"valueRequired\":true,\"valueName\":\"search_term_string\"}}],\"inLanguage\":\"sv-SE\"},{\"@type\":\"Organization\",\"@id\":\"https:\/\/www.elanders.com\/swe\/#organization\",\"name\":\"Elanders Sweden\",\"url\":\"https:\/\/www.elanders.com\/swe\/\",\"logo\":{\"@type\":\"ImageObject\",\"inLanguage\":\"sv-SE\",\"@id\":\"https:\/\/www.elanders.com\/swe\/#\/schema\/logo\/image\/\",\"url\":\"https:\/\/www.elanders.com\/swe\/wp-content\/uploads\/2025\/10\/elanders_sweden_rgb_member_web-3.svg\",\"contentUrl\":\"https:\/\/www.elanders.com\/swe\/wp-content\/uploads\/2025\/10\/elanders_sweden_rgb_member_web-3.svg\",\"width\":1,\"height\":1,\"caption\":\"Elanders Sweden\"},\"image\":{\"@id\":\"https:\/\/www.elanders.com\/swe\/#\/schema\/logo\/image\/\"}}]}<\/script>\n<!-- \/ Yoast SEO plugin. -->","yoast_head_json":{"title":"Karri\u00e4r - Elanders Sweden","description":"Elanders har medarbetare inom m\u00e5nga olika kompetensomr\u00e5den, bland annat tryck, lager, logistisk, ekonomi, s\u00e4lj, design och systemutveckling.","robots":{"index":"index","follow":"follow","max-snippet":"max-snippet:-1","max-image-preview":"max-image-preview:large","max-video-preview":"max-video-preview:-1"},"canonical":"https:\/\/www.elanders.com\/swe\/karriar\/","og_locale":"sv_SE","og_type":"article","og_title":"Karri\u00e4r - Elanders Sweden","og_description":"Elanders har medarbetare inom m\u00e5nga olika kompetensomr\u00e5den, bland annat tryck, lager, logistisk, ekonomi, s\u00e4lj, design och systemutveckling.","og_url":"https:\/\/www.elanders.com\/swe\/karriar\/","og_site_name":"Elanders Sweden","article_modified_time":"2026-02-17T09:00:27+00:00","twitter_card":"summary_large_image","twitter_misc":{"Ber\u00e4knad l\u00e4stid":"1 minut"},"schema":{"@context":"https:\/\/schema.org","@graph":[{"@type":"WebPage","@id":"https:\/\/www.elanders.com\/swe\/karriar\/","url":"https:\/\/www.elanders.com\/swe\/karriar\/","name":"Karri\u00e4r - Elanders Sweden","isPartOf":{"@id":"https:\/\/www.elanders.com\/swe\/#website"},"datePublished":"2025-05-07T12:14:45+00:00","dateModified":"2026-02-17T09:00:27+00:00","description":"Elanders har medarbetare inom m\u00e5nga olika kompetensomr\u00e5den, bland annat tryck, lager, logistisk, ekonomi, s\u00e4lj, design och systemutveckling.","breadcrumb":{"@id":"https:\/\/www.elanders.com\/swe\/karriar\/#breadcrumb"},"inLanguage":"sv-SE","potentialAction":[{"@type":"ReadAction","target":["https:\/\/www.elanders.com\/swe\/karriar\/"]}]},{"@type":"BreadcrumbList","@id":"https:\/\/www.elanders.com\/swe\/karriar\/#breadcrumb","itemListElement":[{"@type":"ListItem","position":1,"name":"Home","item":"https:\/\/www.elanders.com\/swe\/"},{"@type":"ListItem","position":2,"name":"Karri\u00e4r","item":"https:\/\/www.elanders.com\/swe\/karriar\/"}]},{"@type":"WebSite","@id":"https:\/\/www.elanders.com\/swe\/#website","url":"https:\/\/www.elanders.com\/swe\/","name":"Elanders Sweden","description":"","publisher":{"@id":"https:\/\/www.elanders.com\/swe\/#organization"},"potentialAction":[{"@type":"SearchAction","target":{"@type":"EntryPoint","urlTemplate":"https:\/\/www.elanders.com\/swe\/?s={search_term_string}"},"query-input":{"@type":"PropertyValueSpecification","valueRequired":true,"valueName":"search_term_string"}}],"inLanguage":"sv-SE"},{"@type":"Organization","@id":"https:\/\/www.elanders.com\/swe\/#organization","name":"Elanders Sweden","url":"https:\/\/www.elanders.com\/swe\/","logo":{"@type":"ImageObject","inLanguage":"sv-SE","@id":"https:\/\/www.elanders.com\/swe\/#\/schema\/logo\/image\/","url":"https:\/\/www.elanders.com\/swe\/wp-content\/uploads\/2025\/10\/elanders_sweden_rgb_member_web-3.svg","contentUrl":"https:\/\/www.elanders.com\/swe\/wp-content\/uploads\/2025\/10\/elanders_sweden_rgb_member_web-3.svg","width":1,"height":1,"caption":"Elanders Sweden"},"image":{"@id":"https:\/\/www.elanders.com\/swe\/#\/schema\/logo\/image\/"}}]}},"_links":{"self":[{"href":"https:\/\/www.elanders.com\/swe\/wp-json\/wp\/v2\/pages\/956","targetHints":{"allow":["GET"]}}],"collection":[{"href":"https:\/\/www.elanders.com\/swe\/wp-json\/wp\/v2\/pages"}],"about":[{"href":"https:\/\/www.elanders.com\/swe\/wp-json\/wp\/v2\/types\/page"}],"author":[{"embeddable":true,"href":"https:\/\/www.elanders.com\/swe\/wp-json\/wp\/v2\/users\/3"}],"replies":[{"embeddable":true,"href":"https:\/\/www.elanders.com\/swe\/wp-json\/wp\/v2\/comments?post=956"}],"version-history":[{"count":3,"href":"https:\/\/www.elanders.com\/swe\/wp-json\/wp\/v2\/pages\/956\/revisions"}],"predecessor-version":[{"id":2616,"href":"https:\/\/www.elanders.com\/swe\/wp-json\/wp\/v2\/pages\/956\/revisions\/2616"}],"wp:attachment":[{"href":"https:\/\/www.elanders.com\/swe\/wp-json\/wp\/v2\/media?parent=956"}],"curies":[{"name":"wp","href":"https:\/\/api.w.org\/{rel}","templated":true}]}}