{"id":977,"date":"2025-05-07T12:27:11","date_gmt":"2025-05-07T12:27:11","guid":{"rendered":"https:\/\/www.elanders.com\/swe\/?page_id=977"},"modified":"2026-02-17T10:00:24","modified_gmt":"2026-02-17T09:00:24","slug":"samarbeta-med-oss","status":"publish","type":"page","link":"https:\/\/www.elanders.com\/swe\/samarbeta-med-oss\/","title":{"rendered":"Samarbeta med oss"},"content":{"rendered":"\n        <style>\n             .showcase-section-block-69ebdd54d8204 {\n                background-image: url(https:\/\/www.elanders.com\/swe\/wp-content\/uploads\/2026\/02\/SE-COOPERATION-25-1.webp);\n                background-attachment: fixed;\n                background-size: cover;  \n                background-repeat: no-repeat; \n                background-position: center center;\n                overflow: hidden;\n                color:  var(--elarb-white);\n            }\n\n            @media (max-width: 1024px) {\n                 .showcase-section-block-69ebdd54d8204 {\n                    background-attachment: scroll;\n                }\n            }\n        <\/style><section class=\"showcase-section-block showcase-section-block-69ebdd54d8204\">   \n        <div class=\"container showcase-section-container showcase-section-banner\">\n                <div class=\"showcase-section d-flex flex-column align-items-left justify-content-evenly text-left\">\n            <div class=\"showcase-content\">\n                <h2 class=\"showcase-title\">Samarbeta med oss<\/h2>\n                <p class=\"showcase-description\"><\/p>\n                <hr class=\"horizontal-line\">\n                  <div class=\"showcase-section-button\">\n                    \n                  <\/div>\n            <\/div>\n        <\/div>\n        <\/div>\n    <\/section>\n\n<section id=\"\" class=\"text-block  space-bottom-yes space-top-yes text-block-id-69ebdd54d831f bg-color-white text-color-black\">                \n                    <div class=\"container\">  \n                                              \n                            \n                                               \n                        <div class=\"row text\">\n                        <div class=\"col\">\n                            <div class=\"textBlock-text text-block-html  \">\n                                <p class=\"wp-block-wt-text-block\">Ett l\u00f6fte blir v\u00e4rt n\u00e5got f\u00f6rst n\u00e4r det infrias. P\u00e5 den globala marknaden r\u00e4cker det inte med en attraktiv produkt. Den m\u00e5ste ocks\u00e5 levereras i r\u00e4tt tid till r\u00e4tt pris. D\u00e4rf\u00f6r \u00e4r ett tryggt samarbete med en strategisk partner en f\u00f6ruts\u00e4ttning f\u00f6r att lyckas. Tack vare v\u00e5r expertis inom Supply Chain Solutions och Print&nbsp;Solutions kan vi uppgradera hela eller delar av f\u00f6retagets f\u00f6rs\u00f6rjningskedja. Det ger snabbare och effektivare processer som g\u00f6r att v\u00e5ra kunder kan fokusera p\u00e5 det de g\u00f6r b\u00e4st.<\/p>\n<p>Idag samarbetar vi med en m\u00e4ngd f\u00f6retag v\u00e4rlden \u00f6ver, som godk\u00e4nda leverant\u00f6rer, \u201dpreferred\u201d partners eller integrerade partners.<\/p>\n\n                            <\/div>\n                        <\/div>                                        \n                    <\/div>                                              \n                    <\/div>                                \n            <\/section>\n\n<section id=\"\" class=\"text-block  space-bottom-yes space-top-yes text-block-id-69ebdd54d86d5 bg-color-white text-color-black\">                \n                    <div class=\"container\">  \n                                              \n                        <div class=\"row\">                                        \n                        <div class=\"col\">\n                            <h3 class=\"textBlock-headline left \">Bli en godk\u00e4nd leverant\u00f6r<\/h3>\n                             <hr class='horizontal-line' \/>\n                        <\/div>       \n                                                          \n                    <\/div>    \n                                               \n                        <div class=\"row text\">\n                        <div class=\"col\">\n                            <div class=\"textBlock-text text-block-html  \">\n                                <p class=\"wp-block-wt-text-block\">Elanders s\u00e4tter alltid kunderna, kvaliteten och milj\u00f6n fr\u00e4mst. Vi \u00e4r b\u00e5de ISO-certifierade och Svanenm\u00e4rkta och st\u00e4ller lika h\u00f6ga krav p\u00e5 v\u00e5ra leverant\u00f6rer som p\u00e5 oss sj\u00e4lva. F\u00f6r att bli en godk\u00e4nd leverant\u00f6r till oss beh\u00f6ver ni skicka in en ans\u00f6kan och genomg\u00e5 en utv\u00e4rderingsprocess d\u00e4r bland annat ekonomi, kvalitet och leveransf\u00f6rm\u00e5ga bed\u00f6ms.<\/p>\n\n                            <\/div>\n                        <\/div>                                        \n                    <\/div>                                              \n                    <\/div>                                \n            <\/section>\n\n\n<div style=\"height:25px\" aria-hidden=\"true\" class=\"wp-block-spacer\"><\/div>\n","protected":false},"excerpt":{"rendered":"","protected":false},"author":3,"featured_media":0,"parent":0,"menu_order":0,"comment_status":"closed","ping_status":"closed","template":"","meta":{"footnotes":""},"class_list":["post-977","page","type-page","status-publish","hentry"],"yoast_head":"<!-- This site is optimized with the Yoast SEO plugin v27.1.1 - https:\/\/yoast.com\/product\/yoast-seo-wordpress\/ -->\n<title>Samarbeta med oss - Elanders Sweden<\/title>\n<meta name=\"description\" content=\"Samarbeta med oss \u2013 tack vare v\u00e5r expertis inom Supply Chain Solutions hj\u00e4lper Elanders er att tids- och kostnadseffektivisera er f\u00f6rs\u00f6rjningskedja.\" \/>\n<meta name=\"robots\" content=\"index, follow, max-snippet:-1, max-image-preview:large, max-video-preview:-1\" \/>\n<link rel=\"canonical\" href=\"https:\/\/www.elanders.com\/swe\/samarbeta-med-oss\/\" \/>\n<meta property=\"og:locale\" content=\"sv_SE\" \/>\n<meta property=\"og:type\" content=\"article\" \/>\n<meta property=\"og:title\" content=\"Samarbeta med oss - Elanders Sweden\" \/>\n<meta property=\"og:description\" content=\"Samarbeta med oss \u2013 tack vare v\u00e5r expertis inom Supply Chain Solutions hj\u00e4lper Elanders er att tids- och kostnadseffektivisera er f\u00f6rs\u00f6rjningskedja.\" \/>\n<meta property=\"og:url\" content=\"https:\/\/www.elanders.com\/swe\/samarbeta-med-oss\/\" \/>\n<meta property=\"og:site_name\" content=\"Elanders Sweden\" \/>\n<meta property=\"article:modified_time\" content=\"2026-02-17T09:00:24+00:00\" \/>\n<meta name=\"twitter:card\" content=\"summary_large_image\" \/>\n<meta name=\"twitter:label1\" content=\"Ber\u00e4knad l\u00e4stid\" \/>\n\t<meta name=\"twitter:data1\" content=\"1 minut\" \/>\n<script type=\"application\/ld+json\" class=\"yoast-schema-graph\">{\"@context\":\"https:\/\/schema.org\",\"@graph\":[{\"@type\":\"WebPage\",\"@id\":\"https:\/\/www.elanders.com\/swe\/samarbeta-med-oss\/\",\"url\":\"https:\/\/www.elanders.com\/swe\/samarbeta-med-oss\/\",\"name\":\"Samarbeta med oss - Elanders Sweden\",\"isPartOf\":{\"@id\":\"https:\/\/www.elanders.com\/swe\/#website\"},\"datePublished\":\"2025-05-07T12:27:11+00:00\",\"dateModified\":\"2026-02-17T09:00:24+00:00\",\"description\":\"Samarbeta med oss \u2013 tack vare v\u00e5r expertis inom Supply Chain Solutions hj\u00e4lper Elanders er att tids- och kostnadseffektivisera er f\u00f6rs\u00f6rjningskedja.\",\"breadcrumb\":{\"@id\":\"https:\/\/www.elanders.com\/swe\/samarbeta-med-oss\/#breadcrumb\"},\"inLanguage\":\"sv-SE\",\"potentialAction\":[{\"@type\":\"ReadAction\",\"target\":[\"https:\/\/www.elanders.com\/swe\/samarbeta-med-oss\/\"]}]},{\"@type\":\"BreadcrumbList\",\"@id\":\"https:\/\/www.elanders.com\/swe\/samarbeta-med-oss\/#breadcrumb\",\"itemListElement\":[{\"@type\":\"ListItem\",\"position\":1,\"name\":\"Home\",\"item\":\"https:\/\/www.elanders.com\/swe\/\"},{\"@type\":\"ListItem\",\"position\":2,\"name\":\"Samarbeta med oss\",\"item\":\"https:\/\/www.elanders.com\/swe\/samarbeta-med-oss\/\"}]},{\"@type\":\"WebSite\",\"@id\":\"https:\/\/www.elanders.com\/swe\/#website\",\"url\":\"https:\/\/www.elanders.com\/swe\/\",\"name\":\"Elanders Sweden\",\"description\":\"\",\"publisher\":{\"@id\":\"https:\/\/www.elanders.com\/swe\/#organization\"},\"potentialAction\":[{\"@type\":\"SearchAction\",\"target\":{\"@type\":\"EntryPoint\",\"urlTemplate\":\"https:\/\/www.elanders.com\/swe\/?s={search_term_string}\"},\"query-input\":{\"@type\":\"PropertyValueSpecification\",\"valueRequired\":true,\"valueName\":\"search_term_string\"}}],\"inLanguage\":\"sv-SE\"},{\"@type\":\"Organization\",\"@id\":\"https:\/\/www.elanders.com\/swe\/#organization\",\"name\":\"Elanders Sweden\",\"url\":\"https:\/\/www.elanders.com\/swe\/\",\"logo\":{\"@type\":\"ImageObject\",\"inLanguage\":\"sv-SE\",\"@id\":\"https:\/\/www.elanders.com\/swe\/#\/schema\/logo\/image\/\",\"url\":\"https:\/\/www.elanders.com\/swe\/wp-content\/uploads\/2025\/10\/elanders_sweden_rgb_member_web-3.svg\",\"contentUrl\":\"https:\/\/www.elanders.com\/swe\/wp-content\/uploads\/2025\/10\/elanders_sweden_rgb_member_web-3.svg\",\"width\":1,\"height\":1,\"caption\":\"Elanders Sweden\"},\"image\":{\"@id\":\"https:\/\/www.elanders.com\/swe\/#\/schema\/logo\/image\/\"}}]}<\/script>\n<!-- \/ Yoast SEO plugin. -->","yoast_head_json":{"title":"Samarbeta med oss - Elanders Sweden","description":"Samarbeta med oss \u2013 tack vare v\u00e5r expertis inom Supply Chain Solutions hj\u00e4lper Elanders er att tids- och kostnadseffektivisera er f\u00f6rs\u00f6rjningskedja.","robots":{"index":"index","follow":"follow","max-snippet":"max-snippet:-1","max-image-preview":"max-image-preview:large","max-video-preview":"max-video-preview:-1"},"canonical":"https:\/\/www.elanders.com\/swe\/samarbeta-med-oss\/","og_locale":"sv_SE","og_type":"article","og_title":"Samarbeta med oss - Elanders Sweden","og_description":"Samarbeta med oss \u2013 tack vare v\u00e5r expertis inom Supply Chain Solutions hj\u00e4lper Elanders er att tids- och kostnadseffektivisera er f\u00f6rs\u00f6rjningskedja.","og_url":"https:\/\/www.elanders.com\/swe\/samarbeta-med-oss\/","og_site_name":"Elanders Sweden","article_modified_time":"2026-02-17T09:00:24+00:00","twitter_card":"summary_large_image","twitter_misc":{"Ber\u00e4knad l\u00e4stid":"1 minut"},"schema":{"@context":"https:\/\/schema.org","@graph":[{"@type":"WebPage","@id":"https:\/\/www.elanders.com\/swe\/samarbeta-med-oss\/","url":"https:\/\/www.elanders.com\/swe\/samarbeta-med-oss\/","name":"Samarbeta med oss - Elanders Sweden","isPartOf":{"@id":"https:\/\/www.elanders.com\/swe\/#website"},"datePublished":"2025-05-07T12:27:11+00:00","dateModified":"2026-02-17T09:00:24+00:00","description":"Samarbeta med oss \u2013 tack vare v\u00e5r expertis inom Supply Chain Solutions hj\u00e4lper Elanders er att tids- och kostnadseffektivisera er f\u00f6rs\u00f6rjningskedja.","breadcrumb":{"@id":"https:\/\/www.elanders.com\/swe\/samarbeta-med-oss\/#breadcrumb"},"inLanguage":"sv-SE","potentialAction":[{"@type":"ReadAction","target":["https:\/\/www.elanders.com\/swe\/samarbeta-med-oss\/"]}]},{"@type":"BreadcrumbList","@id":"https:\/\/www.elanders.com\/swe\/samarbeta-med-oss\/#breadcrumb","itemListElement":[{"@type":"ListItem","position":1,"name":"Home","item":"https:\/\/www.elanders.com\/swe\/"},{"@type":"ListItem","position":2,"name":"Samarbeta med oss","item":"https:\/\/www.elanders.com\/swe\/samarbeta-med-oss\/"}]},{"@type":"WebSite","@id":"https:\/\/www.elanders.com\/swe\/#website","url":"https:\/\/www.elanders.com\/swe\/","name":"Elanders Sweden","description":"","publisher":{"@id":"https:\/\/www.elanders.com\/swe\/#organization"},"potentialAction":[{"@type":"SearchAction","target":{"@type":"EntryPoint","urlTemplate":"https:\/\/www.elanders.com\/swe\/?s={search_term_string}"},"query-input":{"@type":"PropertyValueSpecification","valueRequired":true,"valueName":"search_term_string"}}],"inLanguage":"sv-SE"},{"@type":"Organization","@id":"https:\/\/www.elanders.com\/swe\/#organization","name":"Elanders Sweden","url":"https:\/\/www.elanders.com\/swe\/","logo":{"@type":"ImageObject","inLanguage":"sv-SE","@id":"https:\/\/www.elanders.com\/swe\/#\/schema\/logo\/image\/","url":"https:\/\/www.elanders.com\/swe\/wp-content\/uploads\/2025\/10\/elanders_sweden_rgb_member_web-3.svg","contentUrl":"https:\/\/www.elanders.com\/swe\/wp-content\/uploads\/2025\/10\/elanders_sweden_rgb_member_web-3.svg","width":1,"height":1,"caption":"Elanders Sweden"},"image":{"@id":"https:\/\/www.elanders.com\/swe\/#\/schema\/logo\/image\/"}}]}},"_links":{"self":[{"href":"https:\/\/www.elanders.com\/swe\/wp-json\/wp\/v2\/pages\/977","targetHints":{"allow":["GET"]}}],"collection":[{"href":"https:\/\/www.elanders.com\/swe\/wp-json\/wp\/v2\/pages"}],"about":[{"href":"https:\/\/www.elanders.com\/swe\/wp-json\/wp\/v2\/types\/page"}],"author":[{"embeddable":true,"href":"https:\/\/www.elanders.com\/swe\/wp-json\/wp\/v2\/users\/3"}],"replies":[{"embeddable":true,"href":"https:\/\/www.elanders.com\/swe\/wp-json\/wp\/v2\/comments?post=977"}],"version-history":[{"count":4,"href":"https:\/\/www.elanders.com\/swe\/wp-json\/wp\/v2\/pages\/977\/revisions"}],"predecessor-version":[{"id":2622,"href":"https:\/\/www.elanders.com\/swe\/wp-json\/wp\/v2\/pages\/977\/revisions\/2622"}],"wp:attachment":[{"href":"https:\/\/www.elanders.com\/swe\/wp-json\/wp\/v2\/media?parent=977"}],"curies":[{"name":"wp","href":"https:\/\/api.w.org\/{rel}","templated":true}]}}